{"id":962,"date":"2025-12-05T21:16:28","date_gmt":"2025-12-05T21:16:28","guid":{"rendered":"https:\/\/cfp1misiones.edu.ar\/?page_id=962"},"modified":"2025-12-09T20:06:41","modified_gmt":"2025-12-09T20:06:41","slug":"secretario-juridico","status":"publish","type":"page","link":"https:\/\/cfp1misiones.edu.ar\/index.php\/oferta-formativa\/secretario-juridico\/","title":{"rendered":"Secretario Jur\u00eddico"},"content":{"rendered":"\t\t<div data-elementor-type=\"wp-page\" data-elementor-id=\"962\" class=\"elementor elementor-962\">\n\t\t\t\t<div class=\"elementor-element elementor-element-985df35 e-flex e-con-boxed e-con e-parent\" data-id=\"985df35\" data-element_type=\"container\">\n\t\t\t\t\t<div class=\"e-con-inner\">\n\t\t\t\t<div class=\"elementor-element elementor-element-8fee99f elementor-widget elementor-widget-text-editor\" data-id=\"8fee99f\" data-element_type=\"widget\" data-widget_type=\"text-editor.default\">\n\t\t\t\t<div class=\"elementor-widget-container\">\n\t\t\t\t\t\t\t\t\t<p><strong>Denominaci\u00f3n del perfil profesional:<\/strong> Secretariado Jur\u00eddico<br \/><strong>Nivel de la certificaci\u00f3n:<\/strong> II<br \/><strong>Duraci\u00f3n:<\/strong> 4 Meses<\/p><h3>Alcance del perfil profesional<\/h3><p>El\/La Secretario\/a Jur\u00eddico\/a est\u00e1 capacitado\/a para asistir en estudios jur\u00eddicos y \u00e1reas legales de instituciones.<br \/>Maneja documentaci\u00f3n legal, archivos, escritos b\u00e1sicos, atenci\u00f3n a clientes, organizaci\u00f3n de agenda y soporte administrativo de tr\u00e1mites.<br \/>Comprende terminolog\u00eda jur\u00eddica esencial y mantiene criterios de confidencialidad, orden y precisi\u00f3n documental.<\/p>\t\t\t\t\t\t\t\t<\/div>\n\t\t\t\t<\/div>\n\t\t\t\t\t<\/div>\n\t\t\t\t<\/div>\n\t\t\t\t<\/div>\n\t\t","protected":false},"excerpt":{"rendered":"<p>Denominaci\u00f3n del perfil profesional: Secretariado Jur\u00eddicoNivel de la certificaci\u00f3n: IIDuraci\u00f3n: 4 Meses Alcance del perfil profesional El\/La Secretario\/a Jur\u00eddico\/a est\u00e1 capacitado\/a para asistir en estudios jur\u00eddicos y \u00e1reas legales de instituciones.Maneja documentaci\u00f3n legal, archivos, escritos b\u00e1sicos, atenci\u00f3n a clientes, organizaci\u00f3n de agenda y soporte administrativo de tr\u00e1mites.Comprende terminolog\u00eda jur\u00eddica esencial y mantiene criterios de confidencialidad, orden y precisi\u00f3n documental.<\/p>\n","protected":false},"author":2,"featured_media":0,"parent":15,"menu_order":0,"comment_status":"closed","ping_status":"closed","template":"","meta":{"_themeisle_gutenberg_block_has_review":false,"footnotes":""},"class_list":["post-962","page","type-page","status-publish","hentry"],"_links":{"self":[{"href":"https:\/\/cfp1misiones.edu.ar\/index.php\/wp-json\/wp\/v2\/pages\/962","targetHints":{"allow":["GET"]}}],"collection":[{"href":"https:\/\/cfp1misiones.edu.ar\/index.php\/wp-json\/wp\/v2\/pages"}],"about":[{"href":"https:\/\/cfp1misiones.edu.ar\/index.php\/wp-json\/wp\/v2\/types\/page"}],"author":[{"embeddable":true,"href":"https:\/\/cfp1misiones.edu.ar\/index.php\/wp-json\/wp\/v2\/users\/2"}],"replies":[{"embeddable":true,"href":"https:\/\/cfp1misiones.edu.ar\/index.php\/wp-json\/wp\/v2\/comments?post=962"}],"version-history":[{"count":7,"href":"https:\/\/cfp1misiones.edu.ar\/index.php\/wp-json\/wp\/v2\/pages\/962\/revisions"}],"predecessor-version":[{"id":1028,"href":"https:\/\/cfp1misiones.edu.ar\/index.php\/wp-json\/wp\/v2\/pages\/962\/revisions\/1028"}],"up":[{"embeddable":true,"href":"https:\/\/cfp1misiones.edu.ar\/index.php\/wp-json\/wp\/v2\/pages\/15"}],"wp:attachment":[{"href":"https:\/\/cfp1misiones.edu.ar\/index.php\/wp-json\/wp\/v2\/media?parent=962"}],"curies":[{"name":"wp","href":"https:\/\/api.w.org\/{rel}","templated":true}]}}