{"id":957,"date":"2025-12-05T21:14:52","date_gmt":"2025-12-05T21:14:52","guid":{"rendered":"https:\/\/cfp1misiones.edu.ar\/?page_id=957"},"modified":"2025-12-09T20:05:41","modified_gmt":"2025-12-09T20:05:41","slug":"recepcionista-de-hotel-2","status":"publish","type":"page","link":"https:\/\/cfp1misiones.edu.ar\/index.php\/oferta-formativa\/recepcionista-de-hotel-2\/","title":{"rendered":"Recepcionista de Hotel"},"content":{"rendered":"\t\t<div data-elementor-type=\"wp-page\" data-elementor-id=\"957\" class=\"elementor elementor-957\">\n\t\t\t\t<div class=\"elementor-element elementor-element-a12fa0e e-flex e-con-boxed e-con e-parent\" data-id=\"a12fa0e\" data-element_type=\"container\">\n\t\t\t\t\t<div class=\"e-con-inner\">\n\t\t\t\t<div class=\"elementor-element elementor-element-71438fe elementor-widget elementor-widget-text-editor\" data-id=\"71438fe\" data-element_type=\"widget\" data-widget_type=\"text-editor.default\">\n\t\t\t\t<div class=\"elementor-widget-container\">\n\t\t\t\t\t\t\t\t\t<p><strong>Denominaci\u00f3n del perfil profesional:<\/strong> Recepcionista de Hotel<br \/><strong>Nivel de la certificaci\u00f3n:<\/strong> II<br \/><strong>Duraci\u00f3n:<\/strong> 4 Meses<\/p><h3>Alcance del perfil profesional<\/h3><p>El\/La Recepcionista de Hotel est\u00e1 preparado\/a para brindar atenci\u00f3n al p\u00fablico en establecimientos hoteleros, gestionar reservas, realizar check-in y check-out,<br \/>organizar documentaci\u00f3n, coordinar servicios y asistir a hu\u00e9spedes. Domina t\u00e9cnicas de comunicaci\u00f3n, registro y administraci\u00f3n b\u00e1sica, manteniendo una atenci\u00f3n cordial y profesional.<\/p>\t\t\t\t\t\t\t\t<\/div>\n\t\t\t\t<\/div>\n\t\t\t\t\t<\/div>\n\t\t\t\t<\/div>\n\t\t\t\t<\/div>\n\t\t","protected":false},"excerpt":{"rendered":"<p>Denominaci\u00f3n del perfil profesional: Recepcionista de HotelNivel de la certificaci\u00f3n: IIDuraci\u00f3n: 4 Meses Alcance del perfil profesional El\/La Recepcionista de Hotel est\u00e1 preparado\/a para brindar atenci\u00f3n al p\u00fablico en establecimientos hoteleros, gestionar reservas, realizar check-in y check-out,organizar documentaci\u00f3n, coordinar servicios y asistir a hu\u00e9spedes. Domina t\u00e9cnicas de comunicaci\u00f3n, registro y administraci\u00f3n b\u00e1sica, manteniendo una atenci\u00f3n cordial y profesional.<\/p>\n","protected":false},"author":2,"featured_media":0,"parent":15,"menu_order":0,"comment_status":"closed","ping_status":"closed","template":"","meta":{"_themeisle_gutenberg_block_has_review":false,"footnotes":""},"class_list":["post-957","page","type-page","status-publish","hentry"],"_links":{"self":[{"href":"https:\/\/cfp1misiones.edu.ar\/index.php\/wp-json\/wp\/v2\/pages\/957","targetHints":{"allow":["GET"]}}],"collection":[{"href":"https:\/\/cfp1misiones.edu.ar\/index.php\/wp-json\/wp\/v2\/pages"}],"about":[{"href":"https:\/\/cfp1misiones.edu.ar\/index.php\/wp-json\/wp\/v2\/types\/page"}],"author":[{"embeddable":true,"href":"https:\/\/cfp1misiones.edu.ar\/index.php\/wp-json\/wp\/v2\/users\/2"}],"replies":[{"embeddable":true,"href":"https:\/\/cfp1misiones.edu.ar\/index.php\/wp-json\/wp\/v2\/comments?post=957"}],"version-history":[{"count":7,"href":"https:\/\/cfp1misiones.edu.ar\/index.php\/wp-json\/wp\/v2\/pages\/957\/revisions"}],"predecessor-version":[{"id":1025,"href":"https:\/\/cfp1misiones.edu.ar\/index.php\/wp-json\/wp\/v2\/pages\/957\/revisions\/1025"}],"up":[{"embeddable":true,"href":"https:\/\/cfp1misiones.edu.ar\/index.php\/wp-json\/wp\/v2\/pages\/15"}],"wp:attachment":[{"href":"https:\/\/cfp1misiones.edu.ar\/index.php\/wp-json\/wp\/v2\/media?parent=957"}],"curies":[{"name":"wp","href":"https:\/\/api.w.org\/{rel}","templated":true}]}}