{"id":918,"date":"2025-12-05T20:43:49","date_gmt":"2025-12-05T20:43:49","guid":{"rendered":"https:\/\/cfp1misiones.edu.ar\/?page_id=918"},"modified":"2025-12-09T20:08:35","modified_gmt":"2025-12-09T20:08:35","slug":"instalacion-y-reparacion-de-equipos-de-climatizacion","status":"publish","type":"page","link":"https:\/\/cfp1misiones.edu.ar\/index.php\/oferta-formativa\/instalacion-y-reparacion-de-equipos-de-climatizacion\/","title":{"rendered":"Instalaci\u00f3n y Reparaci\u00f3n de Equipos de Climatizaci\u00f3n"},"content":{"rendered":"\t\t<div data-elementor-type=\"wp-page\" data-elementor-id=\"918\" class=\"elementor elementor-918\">\n\t\t\t\t<div class=\"elementor-element elementor-element-d170f77 e-flex e-con-boxed e-con e-parent\" data-id=\"d170f77\" data-element_type=\"container\">\n\t\t\t\t\t<div class=\"e-con-inner\">\n\t\t\t\t<div class=\"elementor-element elementor-element-f706239 elementor-widget elementor-widget-text-editor\" data-id=\"f706239\" data-element_type=\"widget\" data-widget_type=\"text-editor.default\">\n\t\t\t\t<div class=\"elementor-widget-container\">\n\t\t\t\t\t\t\t\t\t<p><strong>Denominaci\u00f3n del perfil profesional:<\/strong> Instalaci\u00f3n y Reparaci\u00f3n de Equipos de Climatizaci\u00f3n<br \/><strong>Nivel de la certificaci\u00f3n:<\/strong> III<br \/><strong>Duraci\u00f3n:<\/strong> 4 Meses<\/p><h3>Alcance del perfil profesional<\/h3><p>El\/La profesional en Instalaci\u00f3n y Reparaci\u00f3n de Equipos de Climatizaci\u00f3n est\u00e1 preparado\/a para intervenir en sistemas de aire acondicionado, refrigeraci\u00f3n y climatizaci\u00f3n comercial y domiciliaria.<br \/>Puede diagnosticar fallas, realizar reparaciones, recargar refrigerantes, efectuar conexiones el\u00e9ctricas asociadas y montar equipos completos.<br \/>Conoce herramientas, materiales y normativas de seguridad aplicables al sector, garantizando intervenciones t\u00e9cnicas eficientes y seguras.<\/p>\t\t\t\t\t\t\t\t<\/div>\n\t\t\t\t<\/div>\n\t\t\t\t\t<\/div>\n\t\t\t\t<\/div>\n\t\t\t\t<\/div>\n\t\t","protected":false},"excerpt":{"rendered":"<p>Denominaci\u00f3n del perfil profesional: Instalaci\u00f3n y Reparaci\u00f3n de Equipos de Climatizaci\u00f3nNivel de la certificaci\u00f3n: IIIDuraci\u00f3n: 4 Meses Alcance del perfil profesional El\/La profesional en Instalaci\u00f3n y Reparaci\u00f3n de Equipos de Climatizaci\u00f3n est\u00e1 preparado\/a para intervenir en sistemas de aire acondicionado, refrigeraci\u00f3n y climatizaci\u00f3n comercial y domiciliaria.Puede diagnosticar fallas, realizar reparaciones, recargar refrigerantes, efectuar conexiones el\u00e9ctricas asociadas y montar equipos completos.Conoce [&hellip;]<\/p>\n","protected":false},"author":2,"featured_media":0,"parent":15,"menu_order":0,"comment_status":"closed","ping_status":"closed","template":"","meta":{"_themeisle_gutenberg_block_has_review":false,"footnotes":""},"class_list":["post-918","page","type-page","status-publish","hentry"],"_links":{"self":[{"href":"https:\/\/cfp1misiones.edu.ar\/index.php\/wp-json\/wp\/v2\/pages\/918","targetHints":{"allow":["GET"]}}],"collection":[{"href":"https:\/\/cfp1misiones.edu.ar\/index.php\/wp-json\/wp\/v2\/pages"}],"about":[{"href":"https:\/\/cfp1misiones.edu.ar\/index.php\/wp-json\/wp\/v2\/types\/page"}],"author":[{"embeddable":true,"href":"https:\/\/cfp1misiones.edu.ar\/index.php\/wp-json\/wp\/v2\/users\/2"}],"replies":[{"embeddable":true,"href":"https:\/\/cfp1misiones.edu.ar\/index.php\/wp-json\/wp\/v2\/comments?post=918"}],"version-history":[{"count":7,"href":"https:\/\/cfp1misiones.edu.ar\/index.php\/wp-json\/wp\/v2\/pages\/918\/revisions"}],"predecessor-version":[{"id":1034,"href":"https:\/\/cfp1misiones.edu.ar\/index.php\/wp-json\/wp\/v2\/pages\/918\/revisions\/1034"}],"up":[{"embeddable":true,"href":"https:\/\/cfp1misiones.edu.ar\/index.php\/wp-json\/wp\/v2\/pages\/15"}],"wp:attachment":[{"href":"https:\/\/cfp1misiones.edu.ar\/index.php\/wp-json\/wp\/v2\/media?parent=918"}],"curies":[{"name":"wp","href":"https:\/\/api.w.org\/{rel}","templated":true}]}}