{"id":913,"date":"2025-12-05T20:41:58","date_gmt":"2025-12-05T20:41:58","guid":{"rendered":"https:\/\/cfp1misiones.edu.ar\/?page_id=913"},"modified":"2025-12-09T20:08:18","modified_gmt":"2025-12-09T20:08:18","slug":"instalacion-y-mantenimiento-de-aire-acondicionado-2","status":"publish","type":"page","link":"https:\/\/cfp1misiones.edu.ar\/index.php\/oferta-formativa\/instalacion-y-mantenimiento-de-aire-acondicionado-2\/","title":{"rendered":"Instalaci\u00f3n y Mantenimiento de Aire Acondicionado"},"content":{"rendered":"\t\t<div data-elementor-type=\"wp-page\" data-elementor-id=\"913\" class=\"elementor elementor-913\">\n\t\t\t\t<div class=\"elementor-element elementor-element-1c78687 e-flex e-con-boxed e-con e-parent\" data-id=\"1c78687\" data-element_type=\"container\">\n\t\t\t\t\t<div class=\"e-con-inner\">\n\t\t\t\t<div class=\"elementor-element elementor-element-c385945 elementor-widget elementor-widget-text-editor\" data-id=\"c385945\" data-element_type=\"widget\" data-widget_type=\"text-editor.default\">\n\t\t\t\t<div class=\"elementor-widget-container\">\n\t\t\t\t\t\t\t\t\t<p><strong>Denominaci\u00f3n del perfil profesional:<\/strong> Instalaci\u00f3n y Mantenimiento de Aire Acondicionado<br \/><strong>Nivel de la certificaci\u00f3n:<\/strong> III<br \/><strong>Duraci\u00f3n:<\/strong> 4 Meses<\/p><h3>Alcance del perfil profesional<\/h3><p>El\/La Instalador\/a y Mantenedor\/a de Aire Acondicionado est\u00e1 capacitado\/a para realizar la instalaci\u00f3n, puesta en marcha y mantenimiento b\u00e1sico de equipos tipo split.<br \/>Puede efectuar mediciones, conexiones, manipulaci\u00f3n de refrigerantes, diagn\u00f3stico de fallas simples y tareas de limpieza y mantenimiento preventivo.<br \/>Su formaci\u00f3n incluye procedimientos t\u00e9cnicos, buenas pr\u00e1cticas ambientales y normas de seguridad para intervenir en sistemas de climatizaci\u00f3n residenciales.<\/p>\t\t\t\t\t\t\t\t<\/div>\n\t\t\t\t<\/div>\n\t\t\t\t\t<\/div>\n\t\t\t\t<\/div>\n\t\t\t\t<\/div>\n\t\t","protected":false},"excerpt":{"rendered":"<p>Denominaci\u00f3n del perfil profesional: Instalaci\u00f3n y Mantenimiento de Aire AcondicionadoNivel de la certificaci\u00f3n: IIIDuraci\u00f3n: 4 Meses Alcance del perfil profesional El\/La Instalador\/a y Mantenedor\/a de Aire Acondicionado est\u00e1 capacitado\/a para realizar la instalaci\u00f3n, puesta en marcha y mantenimiento b\u00e1sico de equipos tipo split.Puede efectuar mediciones, conexiones, manipulaci\u00f3n de refrigerantes, diagn\u00f3stico de fallas simples y tareas de limpieza y mantenimiento preventivo.Su [&hellip;]<\/p>\n","protected":false},"author":2,"featured_media":0,"parent":15,"menu_order":0,"comment_status":"closed","ping_status":"closed","template":"","meta":{"_themeisle_gutenberg_block_has_review":false,"footnotes":""},"class_list":["post-913","page","type-page","status-publish","hentry"],"_links":{"self":[{"href":"https:\/\/cfp1misiones.edu.ar\/index.php\/wp-json\/wp\/v2\/pages\/913","targetHints":{"allow":["GET"]}}],"collection":[{"href":"https:\/\/cfp1misiones.edu.ar\/index.php\/wp-json\/wp\/v2\/pages"}],"about":[{"href":"https:\/\/cfp1misiones.edu.ar\/index.php\/wp-json\/wp\/v2\/types\/page"}],"author":[{"embeddable":true,"href":"https:\/\/cfp1misiones.edu.ar\/index.php\/wp-json\/wp\/v2\/users\/2"}],"replies":[{"embeddable":true,"href":"https:\/\/cfp1misiones.edu.ar\/index.php\/wp-json\/wp\/v2\/comments?post=913"}],"version-history":[{"count":10,"href":"https:\/\/cfp1misiones.edu.ar\/index.php\/wp-json\/wp\/v2\/pages\/913\/revisions"}],"predecessor-version":[{"id":1031,"href":"https:\/\/cfp1misiones.edu.ar\/index.php\/wp-json\/wp\/v2\/pages\/913\/revisions\/1031"}],"up":[{"embeddable":true,"href":"https:\/\/cfp1misiones.edu.ar\/index.php\/wp-json\/wp\/v2\/pages\/15"}],"wp:attachment":[{"href":"https:\/\/cfp1misiones.edu.ar\/index.php\/wp-json\/wp\/v2\/media?parent=913"}],"curies":[{"name":"wp","href":"https:\/\/api.w.org\/{rel}","templated":true}]}}