{"id":886,"date":"2025-12-05T20:24:50","date_gmt":"2025-12-05T20:24:50","guid":{"rendered":"https:\/\/cfp1misiones.edu.ar\/?page_id=886"},"modified":"2025-12-09T20:00:53","modified_gmt":"2025-12-09T20:00:53","slug":"auxiliar-especializado-a-en-despacho-aduanero","status":"publish","type":"page","link":"https:\/\/cfp1misiones.edu.ar\/index.php\/oferta-formativa\/auxiliar-especializado-a-en-despacho-aduanero\/","title":{"rendered":"Auxiliar Especializado\/a en Despacho Aduanero"},"content":{"rendered":"\t\t<div data-elementor-type=\"wp-page\" data-elementor-id=\"886\" class=\"elementor elementor-886\">\n\t\t\t\t<div class=\"elementor-element elementor-element-980ec6c e-flex e-con-boxed e-con e-parent\" data-id=\"980ec6c\" data-element_type=\"container\">\n\t\t\t\t\t<div class=\"e-con-inner\">\n\t\t\t\t<div class=\"elementor-element elementor-element-6f283c7 elementor-widget elementor-widget-text-editor\" data-id=\"6f283c7\" data-element_type=\"widget\" data-widget_type=\"text-editor.default\">\n\t\t\t\t<div class=\"elementor-widget-container\">\n\t\t\t\t\t\t\t\t\t<p><strong>Denominaci\u00f3n del perfil profesional:<\/strong> Auxiliar Especializado en Despacho Aduanero<br \/><strong>Nivel de la certificaci\u00f3n:<\/strong> II<br \/><strong>Duraci\u00f3n:<\/strong> 4 Meses<\/p><h3>Alcance del perfil profesional<\/h3><p>El\/La Auxiliar Especializado\/a en Despacho Aduanero posee conocimientos espec\u00edficos en documentaci\u00f3n y procesos del \u00e1mbito aduanero.<br \/>Puede asistir en la preparaci\u00f3n de tr\u00e1mites, clasificaci\u00f3n arancelaria b\u00e1sica, control de declaraciones, armado de legajos y<br \/>gesti\u00f3n administrativa de operaciones de comercio exterior. Comprende normativa, plazos, actores intervinientes y procedimientos t\u00e9cnicos.<\/p>\t\t\t\t\t\t\t\t<\/div>\n\t\t\t\t<\/div>\n\t\t\t\t\t<\/div>\n\t\t\t\t<\/div>\n\t\t\t\t<\/div>\n\t\t","protected":false},"excerpt":{"rendered":"<p>Denominaci\u00f3n del perfil profesional: Auxiliar Especializado en Despacho AduaneroNivel de la certificaci\u00f3n: IIDuraci\u00f3n: 4 Meses Alcance del perfil profesional El\/La Auxiliar Especializado\/a en Despacho Aduanero posee conocimientos espec\u00edficos en documentaci\u00f3n y procesos del \u00e1mbito aduanero.Puede asistir en la preparaci\u00f3n de tr\u00e1mites, clasificaci\u00f3n arancelaria b\u00e1sica, control de declaraciones, armado de legajos ygesti\u00f3n administrativa de operaciones de comercio exterior. Comprende normativa, plazos, [&hellip;]<\/p>\n","protected":false},"author":2,"featured_media":0,"parent":15,"menu_order":0,"comment_status":"closed","ping_status":"closed","template":"","meta":{"_themeisle_gutenberg_block_has_review":false,"footnotes":""},"class_list":["post-886","page","type-page","status-publish","hentry"],"_links":{"self":[{"href":"https:\/\/cfp1misiones.edu.ar\/index.php\/wp-json\/wp\/v2\/pages\/886","targetHints":{"allow":["GET"]}}],"collection":[{"href":"https:\/\/cfp1misiones.edu.ar\/index.php\/wp-json\/wp\/v2\/pages"}],"about":[{"href":"https:\/\/cfp1misiones.edu.ar\/index.php\/wp-json\/wp\/v2\/types\/page"}],"author":[{"embeddable":true,"href":"https:\/\/cfp1misiones.edu.ar\/index.php\/wp-json\/wp\/v2\/users\/2"}],"replies":[{"embeddable":true,"href":"https:\/\/cfp1misiones.edu.ar\/index.php\/wp-json\/wp\/v2\/comments?post=886"}],"version-history":[{"count":7,"href":"https:\/\/cfp1misiones.edu.ar\/index.php\/wp-json\/wp\/v2\/pages\/886\/revisions"}],"predecessor-version":[{"id":1016,"href":"https:\/\/cfp1misiones.edu.ar\/index.php\/wp-json\/wp\/v2\/pages\/886\/revisions\/1016"}],"up":[{"embeddable":true,"href":"https:\/\/cfp1misiones.edu.ar\/index.php\/wp-json\/wp\/v2\/pages\/15"}],"wp:attachment":[{"href":"https:\/\/cfp1misiones.edu.ar\/index.php\/wp-json\/wp\/v2\/media?parent=886"}],"curies":[{"name":"wp","href":"https:\/\/api.w.org\/{rel}","templated":true}]}}