{"id":868,"date":"2025-12-05T20:15:13","date_gmt":"2025-12-05T20:15:13","guid":{"rendered":"https:\/\/cfp1misiones.edu.ar\/?page_id=868"},"modified":"2025-12-09T20:02:45","modified_gmt":"2025-12-09T20:02:45","slug":"auxiliar-en-instalaciones-sanitarias-y-de-gas","status":"publish","type":"page","link":"https:\/\/cfp1misiones.edu.ar\/index.php\/oferta-formativa\/auxiliar-en-instalaciones-sanitarias-y-de-gas\/","title":{"rendered":"Auxiliar en Instalaciones Sanitarias y de Gas"},"content":{"rendered":"\t\t<div data-elementor-type=\"wp-page\" data-elementor-id=\"868\" class=\"elementor elementor-868\">\n\t\t\t\t<div class=\"elementor-element elementor-element-748dcd4 e-flex e-con-boxed e-con e-parent\" data-id=\"748dcd4\" data-element_type=\"container\">\n\t\t\t\t\t<div class=\"e-con-inner\">\n\t\t\t\t<div class=\"elementor-element elementor-element-a29f6ec elementor-widget elementor-widget-text-editor\" data-id=\"a29f6ec\" data-element_type=\"widget\" data-widget_type=\"text-editor.default\">\n\t\t\t\t<div class=\"elementor-widget-container\">\n\t\t\t\t\t\t\t\t\t<p><strong>Denominaci\u00f3n del perfil profesional:<\/strong> Auxiliar en Instalaciones Sanitarias y de Gas<br \/><strong>Nivel de la certificaci\u00f3n:<\/strong> I<br \/><strong>Duraci\u00f3n:<\/strong> 4 Meses<\/p><h3>Alcance del perfil profesional<\/h3><p>El\/La Auxiliar en Instalaciones Sanitarias y de Gas cuenta con las capacidades para colaborar en la instalaci\u00f3n, mantenimiento y reparaci\u00f3n de sistemas sanitarios y redes de gas domiciliarias. Puede asistir en tendido de ca\u00f1er\u00edas, colocaci\u00f3n de accesorios, pruebas de estanqueidad y diagn\u00f3sticos iniciales.<br \/>Su formaci\u00f3n incluye el conocimiento de normas de seguridad, materiales, herramientas y procedimientos fundamentales para trabajar junto a instaladores matriculados.<\/p>\t\t\t\t\t\t\t\t<\/div>\n\t\t\t\t<\/div>\n\t\t\t\t\t<\/div>\n\t\t\t\t<\/div>\n\t\t\t\t<\/div>\n\t\t","protected":false},"excerpt":{"rendered":"<p>Denominaci\u00f3n del perfil profesional: Auxiliar en Instalaciones Sanitarias y de GasNivel de la certificaci\u00f3n: IDuraci\u00f3n: 4 Meses Alcance del perfil profesional El\/La Auxiliar en Instalaciones Sanitarias y de Gas cuenta con las capacidades para colaborar en la instalaci\u00f3n, mantenimiento y reparaci\u00f3n de sistemas sanitarios y redes de gas domiciliarias. Puede asistir en tendido de ca\u00f1er\u00edas, colocaci\u00f3n de accesorios, pruebas de [&hellip;]<\/p>\n","protected":false},"author":2,"featured_media":0,"parent":15,"menu_order":0,"comment_status":"closed","ping_status":"closed","template":"","meta":{"_themeisle_gutenberg_block_has_review":false,"footnotes":""},"class_list":["post-868","page","type-page","status-publish","hentry"],"_links":{"self":[{"href":"https:\/\/cfp1misiones.edu.ar\/index.php\/wp-json\/wp\/v2\/pages\/868","targetHints":{"allow":["GET"]}}],"collection":[{"href":"https:\/\/cfp1misiones.edu.ar\/index.php\/wp-json\/wp\/v2\/pages"}],"about":[{"href":"https:\/\/cfp1misiones.edu.ar\/index.php\/wp-json\/wp\/v2\/types\/page"}],"author":[{"embeddable":true,"href":"https:\/\/cfp1misiones.edu.ar\/index.php\/wp-json\/wp\/v2\/users\/2"}],"replies":[{"embeddable":true,"href":"https:\/\/cfp1misiones.edu.ar\/index.php\/wp-json\/wp\/v2\/comments?post=868"}],"version-history":[{"count":10,"href":"https:\/\/cfp1misiones.edu.ar\/index.php\/wp-json\/wp\/v2\/pages\/868\/revisions"}],"predecessor-version":[{"id":1019,"href":"https:\/\/cfp1misiones.edu.ar\/index.php\/wp-json\/wp\/v2\/pages\/868\/revisions\/1019"}],"up":[{"embeddable":true,"href":"https:\/\/cfp1misiones.edu.ar\/index.php\/wp-json\/wp\/v2\/pages\/15"}],"wp:attachment":[{"href":"https:\/\/cfp1misiones.edu.ar\/index.php\/wp-json\/wp\/v2\/media?parent=868"}],"curies":[{"name":"wp","href":"https:\/\/api.w.org\/{rel}","templated":true}]}}