{"id":863,"date":"2025-12-05T20:12:43","date_gmt":"2025-12-05T20:12:43","guid":{"rendered":"https:\/\/cfp1misiones.edu.ar\/?page_id=863"},"modified":"2025-12-09T19:56:29","modified_gmt":"2025-12-09T19:56:29","slug":"auxiliar-de-carpinteria-2","status":"publish","type":"page","link":"https:\/\/cfp1misiones.edu.ar\/index.php\/oferta-formativa\/auxiliar-de-carpinteria-2\/","title":{"rendered":"Auxiliar de Carpinter\u00eda"},"content":{"rendered":"\t\t<div data-elementor-type=\"wp-page\" data-elementor-id=\"863\" class=\"elementor elementor-863\">\n\t\t\t\t<div class=\"elementor-element elementor-element-e78bab1 e-flex e-con-boxed e-con e-parent\" data-id=\"e78bab1\" data-element_type=\"container\">\n\t\t\t\t\t<div class=\"e-con-inner\">\n\t\t\t\t<div class=\"elementor-element elementor-element-5d13f57 elementor-widget elementor-widget-text-editor\" data-id=\"5d13f57\" data-element_type=\"widget\" data-widget_type=\"text-editor.default\">\n\t\t\t\t<div class=\"elementor-widget-container\">\n\t\t\t\t\t\t\t\t\t<p><strong>Denominaci\u00f3n del perfil profesional:<\/strong> Auxiliar de Carpinter\u00eda<br \/><strong>Nivel de la certificaci\u00f3n:<\/strong> I<br \/><strong>Duraci\u00f3n:<\/strong> 4 Meses<\/p><h3>Alcance del perfil profesional<\/h3><p>El\/La Auxiliar de Carpinter\u00eda est\u00e1 preparado\/a para asistir en trabajos b\u00e1sicos de elaboraci\u00f3n, reparaci\u00f3n y mantenimiento de productos en madera.<br \/>Puede utilizar herramientas manuales y el\u00e9ctricas, realizar cortes, lijados, ensamblajes simples y colaborar con carpinteros en la construcci\u00f3n de piezas.<br \/>Conoce normas de seguridad, t\u00e9cnicas de medici\u00f3n y m\u00e9todos de trabajo que garantizan precisi\u00f3n y calidad en cada proyecto.<\/p>\t\t\t\t\t\t\t\t<\/div>\n\t\t\t\t<\/div>\n\t\t\t\t\t<\/div>\n\t\t\t\t<\/div>\n\t\t\t\t<\/div>\n\t\t","protected":false},"excerpt":{"rendered":"<p>Denominaci\u00f3n del perfil profesional: Auxiliar de Carpinter\u00edaNivel de la certificaci\u00f3n: IDuraci\u00f3n: 4 Meses Alcance del perfil profesional El\/La Auxiliar de Carpinter\u00eda est\u00e1 preparado\/a para asistir en trabajos b\u00e1sicos de elaboraci\u00f3n, reparaci\u00f3n y mantenimiento de productos en madera.Puede utilizar herramientas manuales y el\u00e9ctricas, realizar cortes, lijados, ensamblajes simples y colaborar con carpinteros en la construcci\u00f3n de piezas.Conoce normas de seguridad, t\u00e9cnicas [&hellip;]<\/p>\n","protected":false},"author":2,"featured_media":0,"parent":15,"menu_order":0,"comment_status":"closed","ping_status":"closed","template":"","meta":{"_themeisle_gutenberg_block_has_review":false,"footnotes":""},"class_list":["post-863","page","type-page","status-publish","hentry"],"_links":{"self":[{"href":"https:\/\/cfp1misiones.edu.ar\/index.php\/wp-json\/wp\/v2\/pages\/863","targetHints":{"allow":["GET"]}}],"collection":[{"href":"https:\/\/cfp1misiones.edu.ar\/index.php\/wp-json\/wp\/v2\/pages"}],"about":[{"href":"https:\/\/cfp1misiones.edu.ar\/index.php\/wp-json\/wp\/v2\/types\/page"}],"author":[{"embeddable":true,"href":"https:\/\/cfp1misiones.edu.ar\/index.php\/wp-json\/wp\/v2\/users\/2"}],"replies":[{"embeddable":true,"href":"https:\/\/cfp1misiones.edu.ar\/index.php\/wp-json\/wp\/v2\/comments?post=863"}],"version-history":[{"count":7,"href":"https:\/\/cfp1misiones.edu.ar\/index.php\/wp-json\/wp\/v2\/pages\/863\/revisions"}],"predecessor-version":[{"id":1010,"href":"https:\/\/cfp1misiones.edu.ar\/index.php\/wp-json\/wp\/v2\/pages\/863\/revisions\/1010"}],"up":[{"embeddable":true,"href":"https:\/\/cfp1misiones.edu.ar\/index.php\/wp-json\/wp\/v2\/pages\/15"}],"wp:attachment":[{"href":"https:\/\/cfp1misiones.edu.ar\/index.php\/wp-json\/wp\/v2\/media?parent=863"}],"curies":[{"name":"wp","href":"https:\/\/api.w.org\/{rel}","templated":true}]}}