{"id":74,"date":"2023-03-03T20:29:06","date_gmt":"2023-03-03T20:29:06","guid":{"rendered":"https:\/\/cfp1misiones.edu.ar\/?page_id=74"},"modified":"2025-12-05T21:18:33","modified_gmt":"2025-12-05T21:18:33","slug":"soldador_basico","status":"publish","type":"page","link":"https:\/\/cfp1misiones.edu.ar\/index.php\/oferta-formativa\/soldador_basico\/","title":{"rendered":"Soldador B\u00e1sico"},"content":{"rendered":"\t\t<div data-elementor-type=\"wp-page\" data-elementor-id=\"74\" class=\"elementor elementor-74\">\n\t\t\t\t<div class=\"elementor-element elementor-element-264a0115 e-flex e-con-boxed e-con e-parent\" data-id=\"264a0115\" data-element_type=\"container\">\n\t\t\t\t\t<div class=\"e-con-inner\">\n\t\t\t\t<div class=\"elementor-element elementor-element-149891e2 elementor-widget elementor-widget-text-editor\" data-id=\"149891e2\" data-element_type=\"widget\" data-widget_type=\"text-editor.default\">\n\t\t\t\t<div class=\"elementor-widget-container\">\n\t\t\t\t\t\t\t\t\t<p><strong>Denominaci\u00f3n del perfil profesional:<\/strong> Soldador B\u00e1sico<br \/><strong>Nivel de la certificaci\u00f3n:<\/strong> II<br \/><strong>Duraci\u00f3n:<\/strong> 4 Meses<\/p>\n<h3>Alcance del perfil profesional<\/h3>\n<p>El\/La Soldador\/a B\u00e1sico\/a est\u00e1 preparado\/a para realizar uniones met\u00e1licas mediante procesos de soldadura MMA y MIG\/MAG de baja complejidad. Puede preparar superficies, seleccionar electrodos, ajustar par\u00e1metros, realizar cordones simples y ejecutar tareas de reparaci\u00f3n y armado. Su formaci\u00f3n prioriza la seguridad, la precisi\u00f3n y el conocimiento de materiales para trabajos en herrer\u00eda, mantenimiento y metalmec\u00e1nica.<\/p>\t\t\t\t\t\t\t\t<\/div>\n\t\t\t\t<\/div>\n\t\t\t\t\t<\/div>\n\t\t\t\t<\/div>\n\t\t\t\t<\/div>\n\t\t","protected":false},"excerpt":{"rendered":"<p>Denominaci\u00f3n del perfil profesional: Soldador B\u00e1sicoNivel de la certificaci\u00f3n: IIDuraci\u00f3n: 4 Meses Alcance del perfil profesional El\/La Soldador\/a B\u00e1sico\/a est\u00e1 preparado\/a para realizar uniones met\u00e1licas mediante procesos de soldadura MMA y MIG\/MAG de baja complejidad. Puede preparar superficies, seleccionar electrodos, ajustar par\u00e1metros, realizar cordones simples y ejecutar tareas de reparaci\u00f3n y armado. Su formaci\u00f3n prioriza la seguridad, la precisi\u00f3n y [&hellip;]<\/p>\n","protected":false},"author":1,"featured_media":0,"parent":15,"menu_order":0,"comment_status":"closed","ping_status":"closed","template":"","meta":{"_themeisle_gutenberg_block_has_review":false,"footnotes":""},"class_list":["post-74","page","type-page","status-publish","hentry"],"_links":{"self":[{"href":"https:\/\/cfp1misiones.edu.ar\/index.php\/wp-json\/wp\/v2\/pages\/74","targetHints":{"allow":["GET"]}}],"collection":[{"href":"https:\/\/cfp1misiones.edu.ar\/index.php\/wp-json\/wp\/v2\/pages"}],"about":[{"href":"https:\/\/cfp1misiones.edu.ar\/index.php\/wp-json\/wp\/v2\/types\/page"}],"author":[{"embeddable":true,"href":"https:\/\/cfp1misiones.edu.ar\/index.php\/wp-json\/wp\/v2\/users\/1"}],"replies":[{"embeddable":true,"href":"https:\/\/cfp1misiones.edu.ar\/index.php\/wp-json\/wp\/v2\/comments?post=74"}],"version-history":[{"count":10,"href":"https:\/\/cfp1misiones.edu.ar\/index.php\/wp-json\/wp\/v2\/pages\/74\/revisions"}],"predecessor-version":[{"id":969,"href":"https:\/\/cfp1misiones.edu.ar\/index.php\/wp-json\/wp\/v2\/pages\/74\/revisions\/969"}],"up":[{"embeddable":true,"href":"https:\/\/cfp1misiones.edu.ar\/index.php\/wp-json\/wp\/v2\/pages\/15"}],"wp:attachment":[{"href":"https:\/\/cfp1misiones.edu.ar\/index.php\/wp-json\/wp\/v2\/media?parent=74"}],"curies":[{"name":"wp","href":"https:\/\/api.w.org\/{rel}","templated":true}]}}