{"id":679,"date":"2024-08-08T22:01:21","date_gmt":"2024-08-08T22:01:21","guid":{"rendered":"https:\/\/cfp1misiones.edu.ar\/?page_id=679"},"modified":"2025-12-09T19:44:47","modified_gmt":"2025-12-09T19:44:47","slug":"auxiliar-de-mantenimiento-automotor","status":"publish","type":"page","link":"https:\/\/cfp1misiones.edu.ar\/index.php\/oferta-formativa\/auxiliar-de-mantenimiento-automotor\/","title":{"rendered":"Auxiliar de Mantenimiento Automotor"},"content":{"rendered":"\t\t<div data-elementor-type=\"wp-page\" data-elementor-id=\"679\" class=\"elementor elementor-679\">\n\t\t\t\t<div class=\"elementor-element elementor-element-558e2488 e-flex e-con-boxed e-con e-parent\" data-id=\"558e2488\" data-element_type=\"container\">\n\t\t\t\t\t<div class=\"e-con-inner\">\n\t\t\t\t<div class=\"elementor-element elementor-element-615929d2 elementor-widget elementor-widget-text-editor\" data-id=\"615929d2\" data-element_type=\"widget\" data-widget_type=\"text-editor.default\">\n\t\t\t\t<div class=\"elementor-widget-container\">\n\t\t\t\t\t\t\t\t\t<p><strong>Denominaci\u00f3n del perfil profesional:<\/strong> Auxiliar en Mantenimiento Automotor<br \/><strong>Nivel de la certificaci\u00f3n:<\/strong> II<br \/><strong>Duraci\u00f3n:<\/strong> 4 Meses<\/p><h3>Alcance del perfil profesional<\/h3><p>El\/La Auxiliar en Mantenimiento Automotor est\u00e1 capacitado\/a para colaborar en tareas de mantenimiento preventivo de veh\u00edculos livianos.<br \/>Realiza cambios de aceite y filtros, controla neum\u00e1ticos y niveles de fluidos, revisa sistemas b\u00e1sicos, colabora en el ajuste de faros y<br \/>apoya en diagn\u00f3sticos simples. Su formaci\u00f3n le permite desenvolverse en talleres mec\u00e1nicos, servicios automotrices o empresas del rubro.<\/p>\t\t\t\t\t\t\t\t<\/div>\n\t\t\t\t<\/div>\n\t\t\t\t\t<\/div>\n\t\t\t\t<\/div>\n\t\t\t\t<\/div>\n\t\t","protected":false},"excerpt":{"rendered":"<p>Denominaci\u00f3n del perfil profesional: Auxiliar en Mantenimiento AutomotorNivel de la certificaci\u00f3n: IIDuraci\u00f3n: 4 Meses Alcance del perfil profesional El\/La Auxiliar en Mantenimiento Automotor est\u00e1 capacitado\/a para colaborar en tareas de mantenimiento preventivo de veh\u00edculos livianos.Realiza cambios de aceite y filtros, controla neum\u00e1ticos y niveles de fluidos, revisa sistemas b\u00e1sicos, colabora en el ajuste de faros yapoya en diagn\u00f3sticos simples. Su [&hellip;]<\/p>\n","protected":false},"author":1,"featured_media":0,"parent":15,"menu_order":0,"comment_status":"closed","ping_status":"closed","template":"","meta":{"_themeisle_gutenberg_block_has_review":false,"footnotes":""},"class_list":["post-679","page","type-page","status-publish","hentry"],"_links":{"self":[{"href":"https:\/\/cfp1misiones.edu.ar\/index.php\/wp-json\/wp\/v2\/pages\/679","targetHints":{"allow":["GET"]}}],"collection":[{"href":"https:\/\/cfp1misiones.edu.ar\/index.php\/wp-json\/wp\/v2\/pages"}],"about":[{"href":"https:\/\/cfp1misiones.edu.ar\/index.php\/wp-json\/wp\/v2\/types\/page"}],"author":[{"embeddable":true,"href":"https:\/\/cfp1misiones.edu.ar\/index.php\/wp-json\/wp\/v2\/users\/1"}],"replies":[{"embeddable":true,"href":"https:\/\/cfp1misiones.edu.ar\/index.php\/wp-json\/wp\/v2\/comments?post=679"}],"version-history":[{"count":20,"href":"https:\/\/cfp1misiones.edu.ar\/index.php\/wp-json\/wp\/v2\/pages\/679\/revisions"}],"predecessor-version":[{"id":992,"href":"https:\/\/cfp1misiones.edu.ar\/index.php\/wp-json\/wp\/v2\/pages\/679\/revisions\/992"}],"up":[{"embeddable":true,"href":"https:\/\/cfp1misiones.edu.ar\/index.php\/wp-json\/wp\/v2\/pages\/15"}],"wp:attachment":[{"href":"https:\/\/cfp1misiones.edu.ar\/index.php\/wp-json\/wp\/v2\/media?parent=679"}],"curies":[{"name":"wp","href":"https:\/\/api.w.org\/{rel}","templated":true}]}}