{"id":658,"date":"2024-03-15T12:35:51","date_gmt":"2024-03-15T12:35:51","guid":{"rendered":"https:\/\/cfp1misiones.edu.ar\/?page_id=658"},"modified":"2025-12-09T19:53:08","modified_gmt":"2025-12-09T19:53:08","slug":"introduccion-al-diseno-e-impresion-3d","status":"publish","type":"page","link":"https:\/\/cfp1misiones.edu.ar\/index.php\/oferta-formativa\/introduccion-al-diseno-e-impresion-3d\/","title":{"rendered":"Introducci\u00f3n al Dise\u00f1o e Impresi\u00f3n 3D"},"content":{"rendered":"\t\t<div data-elementor-type=\"wp-page\" data-elementor-id=\"658\" class=\"elementor elementor-658\">\n\t\t\t\t<div class=\"elementor-element elementor-element-d3889ca e-flex e-con-boxed e-con e-parent\" data-id=\"d3889ca\" data-element_type=\"container\">\n\t\t\t\t\t<div class=\"e-con-inner\">\n\t\t\t\t<div class=\"elementor-element elementor-element-6fdfb2c3 elementor-widget elementor-widget-text-editor\" data-id=\"6fdfb2c3\" data-element_type=\"widget\" data-widget_type=\"text-editor.default\">\n\t\t\t\t<div class=\"elementor-widget-container\">\n\t\t\t\t\t\t\t\t\t<p><strong>Denominaci\u00f3n del perfil profesional:<\/strong> Introducci\u00f3n al Dise\u00f1o e Impresi\u00f3n 3D<br \/><strong>Nivel de la certificaci\u00f3n:<\/strong> III<br \/><strong>Duraci\u00f3n:<\/strong> 4 Meses<\/p><h3>Alcance del perfil profesional<\/h3><p>El\/La participante en Introducci\u00f3n al Dise\u00f1o e Impresi\u00f3n 3D adquiere conocimientos iniciales para modelar objetos simples en software 3D y prepararlos para su fabricaci\u00f3n mediante impresoras de filamento.<br \/>Aprende t\u00e9cnicas b\u00e1sicas de modelado, par\u00e1metros de impresi\u00f3n, operaci\u00f3n del equipo y resoluci\u00f3n de fallas comunes.<br \/>Est\u00e1 preparado\/a para desarrollar proyectos iniciales y comprender el flujo completo desde el dise\u00f1o hasta la pieza final.<\/p>\t\t\t\t\t\t\t\t<\/div>\n\t\t\t\t<\/div>\n\t\t\t\t\t<\/div>\n\t\t\t\t<\/div>\n\t\t\t\t<\/div>\n\t\t","protected":false},"excerpt":{"rendered":"<p>Denominaci\u00f3n del perfil profesional: Introducci\u00f3n al Dise\u00f1o e Impresi\u00f3n 3DNivel de la certificaci\u00f3n: IIIDuraci\u00f3n: 4 Meses Alcance del perfil profesional El\/La participante en Introducci\u00f3n al Dise\u00f1o e Impresi\u00f3n 3D adquiere conocimientos iniciales para modelar objetos simples en software 3D y prepararlos para su fabricaci\u00f3n mediante impresoras de filamento.Aprende t\u00e9cnicas b\u00e1sicas de modelado, par\u00e1metros de impresi\u00f3n, operaci\u00f3n del equipo y resoluci\u00f3n [&hellip;]<\/p>\n","protected":false},"author":1,"featured_media":0,"parent":15,"menu_order":0,"comment_status":"closed","ping_status":"closed","template":"","meta":{"_themeisle_gutenberg_block_has_review":false,"footnotes":""},"class_list":["post-658","page","type-page","status-publish","hentry"],"_links":{"self":[{"href":"https:\/\/cfp1misiones.edu.ar\/index.php\/wp-json\/wp\/v2\/pages\/658","targetHints":{"allow":["GET"]}}],"collection":[{"href":"https:\/\/cfp1misiones.edu.ar\/index.php\/wp-json\/wp\/v2\/pages"}],"about":[{"href":"https:\/\/cfp1misiones.edu.ar\/index.php\/wp-json\/wp\/v2\/types\/page"}],"author":[{"embeddable":true,"href":"https:\/\/cfp1misiones.edu.ar\/index.php\/wp-json\/wp\/v2\/users\/1"}],"replies":[{"embeddable":true,"href":"https:\/\/cfp1misiones.edu.ar\/index.php\/wp-json\/wp\/v2\/comments?post=658"}],"version-history":[{"count":10,"href":"https:\/\/cfp1misiones.edu.ar\/index.php\/wp-json\/wp\/v2\/pages\/658\/revisions"}],"predecessor-version":[{"id":1004,"href":"https:\/\/cfp1misiones.edu.ar\/index.php\/wp-json\/wp\/v2\/pages\/658\/revisions\/1004"}],"up":[{"embeddable":true,"href":"https:\/\/cfp1misiones.edu.ar\/index.php\/wp-json\/wp\/v2\/pages\/15"}],"wp:attachment":[{"href":"https:\/\/cfp1misiones.edu.ar\/index.php\/wp-json\/wp\/v2\/media?parent=658"}],"curies":[{"name":"wp","href":"https:\/\/api.w.org\/{rel}","templated":true}]}}