{"id":566,"date":"2024-03-04T20:54:15","date_gmt":"2024-03-04T20:54:15","guid":{"rendered":"https:\/\/cfp1misiones.edu.ar\/?page_id=566"},"modified":"2025-12-05T20:41:11","modified_gmt":"2025-12-05T20:41:11","slug":"fotografia-orientada-al-marketing-digital","status":"publish","type":"page","link":"https:\/\/cfp1misiones.edu.ar\/index.php\/oferta-formativa\/fotografia-orientada-al-marketing-digital\/","title":{"rendered":"Fotograf\u00eda Orientada al Marketing Digital"},"content":{"rendered":"\t\t<div data-elementor-type=\"wp-page\" data-elementor-id=\"566\" class=\"elementor elementor-566\">\n\t\t\t\t<div class=\"elementor-element elementor-element-6daf4c84 e-flex e-con-boxed e-con e-parent\" data-id=\"6daf4c84\" data-element_type=\"container\">\n\t\t\t\t\t<div class=\"e-con-inner\">\n\t\t\t\t<div class=\"elementor-element elementor-element-595eb47a elementor-widget elementor-widget-text-editor\" data-id=\"595eb47a\" data-element_type=\"widget\" data-widget_type=\"text-editor.default\">\n\t\t\t\t<div class=\"elementor-widget-container\">\n\t\t\t\t\t\t\t\t\t<p><strong>Denominaci\u00f3n del perfil profesional:<\/strong> Fotograf\u00eda Orientada al Marketing Digital<br \/><strong>Nivel de la certificaci\u00f3n:<\/strong> I<br \/><strong>Duraci\u00f3n:<\/strong> 4 Meses<\/p>\n<h3>Alcance del perfil profesional<\/h3>\n<p>El\/La profesional en Fotograf\u00eda orientada al Marketing Digital est\u00e1 formado\/a para producir contenido visual destinado a redes sociales, marcas y plataformas digitales. Domina t\u00e9cnicas b\u00e1sicas de captura, iluminaci\u00f3n, composici\u00f3n, edici\u00f3n y retoque, enfocadas en la comunicaci\u00f3n visual y la identidad de marca. Puede crear fotograf\u00edas para cat\u00e1logos, productos, servicios y campa\u00f1as digitales, integrando criterios est\u00e9ticos y comerciales.<\/p>\t\t\t\t\t\t\t\t<\/div>\n\t\t\t\t<\/div>\n\t\t\t\t\t<\/div>\n\t\t\t\t<\/div>\n\t\t\t\t<\/div>\n\t\t","protected":false},"excerpt":{"rendered":"<p>Denominaci\u00f3n del perfil profesional: Fotograf\u00eda Orientada al Marketing DigitalNivel de la certificaci\u00f3n: IDuraci\u00f3n: 4 Meses Alcance del perfil profesional El\/La profesional en Fotograf\u00eda orientada al Marketing Digital est\u00e1 formado\/a para producir contenido visual destinado a redes sociales, marcas y plataformas digitales. Domina t\u00e9cnicas b\u00e1sicas de captura, iluminaci\u00f3n, composici\u00f3n, edici\u00f3n y retoque, enfocadas en la comunicaci\u00f3n visual y la identidad de [&hellip;]<\/p>\n","protected":false},"author":1,"featured_media":0,"parent":15,"menu_order":0,"comment_status":"closed","ping_status":"closed","template":"","meta":{"_themeisle_gutenberg_block_has_review":false,"footnotes":""},"class_list":["post-566","page","type-page","status-publish","hentry"],"_links":{"self":[{"href":"https:\/\/cfp1misiones.edu.ar\/index.php\/wp-json\/wp\/v2\/pages\/566","targetHints":{"allow":["GET"]}}],"collection":[{"href":"https:\/\/cfp1misiones.edu.ar\/index.php\/wp-json\/wp\/v2\/pages"}],"about":[{"href":"https:\/\/cfp1misiones.edu.ar\/index.php\/wp-json\/wp\/v2\/types\/page"}],"author":[{"embeddable":true,"href":"https:\/\/cfp1misiones.edu.ar\/index.php\/wp-json\/wp\/v2\/users\/1"}],"replies":[{"embeddable":true,"href":"https:\/\/cfp1misiones.edu.ar\/index.php\/wp-json\/wp\/v2\/comments?post=566"}],"version-history":[{"count":4,"href":"https:\/\/cfp1misiones.edu.ar\/index.php\/wp-json\/wp\/v2\/pages\/566\/revisions"}],"predecessor-version":[{"id":912,"href":"https:\/\/cfp1misiones.edu.ar\/index.php\/wp-json\/wp\/v2\/pages\/566\/revisions\/912"}],"up":[{"embeddable":true,"href":"https:\/\/cfp1misiones.edu.ar\/index.php\/wp-json\/wp\/v2\/pages\/15"}],"wp:attachment":[{"href":"https:\/\/cfp1misiones.edu.ar\/index.php\/wp-json\/wp\/v2\/media?parent=566"}],"curies":[{"name":"wp","href":"https:\/\/api.w.org\/{rel}","templated":true}]}}