{"id":141,"date":"2023-03-03T21:24:58","date_gmt":"2023-03-03T21:24:58","guid":{"rendered":"https:\/\/cfp1misiones.edu.ar\/?page_id=141"},"modified":"2025-12-05T21:13:30","modified_gmt":"2025-12-05T21:13:30","slug":"organizador-de-eventos","status":"publish","type":"page","link":"https:\/\/cfp1misiones.edu.ar\/index.php\/oferta-formativa\/organizador-de-eventos\/","title":{"rendered":"Organizador de Eventos"},"content":{"rendered":"\t\t<div data-elementor-type=\"wp-page\" data-elementor-id=\"141\" class=\"elementor elementor-141\">\n\t\t\t\t<div class=\"elementor-element elementor-element-56660d1 e-flex e-con-boxed e-con e-parent\" data-id=\"56660d1\" data-element_type=\"container\">\n\t\t\t\t\t<div class=\"e-con-inner\">\n\t\t\t\t<div class=\"elementor-element elementor-element-619debd8 elementor-widget elementor-widget-text-editor\" data-id=\"619debd8\" data-element_type=\"widget\" data-widget_type=\"text-editor.default\">\n\t\t\t\t<div class=\"elementor-widget-container\">\n\t\t\t\t\t\t\t\t\t<p><strong>Denominaci\u00f3n del perfil profesional:<\/strong> Organizador de Eventos<br \/><strong>Nivel de la certificaci\u00f3n:<\/strong> II<br \/><strong>Duraci\u00f3n:<\/strong> 9 Meses<\/p>\n<h3>Alcance del perfil profesional<\/h3>\n<p>El\/La Organizador\/a de Eventos est\u00e1 capacitado\/a para planificar, coordinar y ejecutar eventos sociales, culturales, empresariales o institucionales. Gestiona proveedores, log\u00edstica, ambientaci\u00f3n, cronogramas y comunicaci\u00f3n, asegurando el correcto desarrollo del evento y la satisfacci\u00f3n de los participantes. Conoce protocolos, presupuestos y din\u00e1micas operativas del rubro.<\/p>\t\t\t\t\t\t\t\t<\/div>\n\t\t\t\t<\/div>\n\t\t\t\t\t<\/div>\n\t\t\t\t<\/div>\n\t\t\t\t<\/div>\n\t\t","protected":false},"excerpt":{"rendered":"<p>Denominaci\u00f3n del perfil profesional: Organizador de EventosNivel de la certificaci\u00f3n: IIDuraci\u00f3n: 9 Meses Alcance del perfil profesional El\/La Organizador\/a de Eventos est\u00e1 capacitado\/a para planificar, coordinar y ejecutar eventos sociales, culturales, empresariales o institucionales. Gestiona proveedores, log\u00edstica, ambientaci\u00f3n, cronogramas y comunicaci\u00f3n, asegurando el correcto desarrollo del evento y la satisfacci\u00f3n de los participantes. Conoce protocolos, presupuestos y din\u00e1micas operativas del [&hellip;]<\/p>\n","protected":false},"author":1,"featured_media":0,"parent":15,"menu_order":0,"comment_status":"closed","ping_status":"closed","template":"","meta":{"_themeisle_gutenberg_block_has_review":false,"footnotes":""},"class_list":["post-141","page","type-page","status-publish","hentry"],"_links":{"self":[{"href":"https:\/\/cfp1misiones.edu.ar\/index.php\/wp-json\/wp\/v2\/pages\/141","targetHints":{"allow":["GET"]}}],"collection":[{"href":"https:\/\/cfp1misiones.edu.ar\/index.php\/wp-json\/wp\/v2\/pages"}],"about":[{"href":"https:\/\/cfp1misiones.edu.ar\/index.php\/wp-json\/wp\/v2\/types\/page"}],"author":[{"embeddable":true,"href":"https:\/\/cfp1misiones.edu.ar\/index.php\/wp-json\/wp\/v2\/users\/1"}],"replies":[{"embeddable":true,"href":"https:\/\/cfp1misiones.edu.ar\/index.php\/wp-json\/wp\/v2\/comments?post=141"}],"version-history":[{"count":7,"href":"https:\/\/cfp1misiones.edu.ar\/index.php\/wp-json\/wp\/v2\/pages\/141\/revisions"}],"predecessor-version":[{"id":953,"href":"https:\/\/cfp1misiones.edu.ar\/index.php\/wp-json\/wp\/v2\/pages\/141\/revisions\/953"}],"up":[{"embeddable":true,"href":"https:\/\/cfp1misiones.edu.ar\/index.php\/wp-json\/wp\/v2\/pages\/15"}],"wp:attachment":[{"href":"https:\/\/cfp1misiones.edu.ar\/index.php\/wp-json\/wp\/v2\/media?parent=141"}],"curies":[{"name":"wp","href":"https:\/\/api.w.org\/{rel}","templated":true}]}}