{"id":133,"date":"2023-03-03T21:22:22","date_gmt":"2023-03-03T21:22:22","guid":{"rendered":"https:\/\/cfp1misiones.edu.ar\/?page_id=133"},"modified":"2023-10-10T00:12:22","modified_gmt":"2023-10-10T00:12:22","slug":"montador-de-instalaciones-domiciliarias-de-gas","status":"publish","type":"page","link":"https:\/\/cfp1misiones.edu.ar\/index.php\/oferta-formativa\/montador-de-instalaciones-domiciliarias-de-gas\/","title":{"rendered":"Montador de Instalaciones domiciliarias de Gas"},"content":{"rendered":"\n<p>Denominaci\u00f3n del perfil profesional:&nbsp;<strong>EJECUTOR DE INSTALACIONES DOMICILIARIAS DE GAS<\/strong><br>Nivel de la Certificaci\u00f3n:&nbsp;<strong>II<\/strong><br>Duraci\u00f3n:&nbsp;<strong>32 semanas<\/strong>&nbsp;(anual)<\/p>\n\n\n\n<p><strong>Alcance del perfil profesional<\/strong><\/p>\n\n\n\n<p>Est\u00e1 capacitado, de acuerdo a las actividades que se desarrollan en el Perfil Profesional, para prestar servicios profesionales de instalaciones domiciliarias de gas en obras en construcci\u00f3n, refacci\u00f3n y ampliaci\u00f3n de locales, destinados a vivienda, actividades comerciales, administrativas u otros usos. Est\u00e1 en condiciones de realizar el tendido de ca\u00f1er\u00edas para la instalaci\u00f3n de gas domiciliaria, tanto para gas envasado como gas de red, instalar medidores y reguladores de presi\u00f3n, artefactos a gas conectados y no conectados a conductos, ventilaciones para artefactos y locales, y asistir durante las tareas de control y prueba de la instalaci\u00f3n al profesional responsable de la misma, aplicando en todos los casos la normativa espec\u00edfica vigente y la de seguridad e higiene correspondiente.<br>Este profesional tiene responsabilidad limitada; se responsabiliza de la interpretaci\u00f3n de las necesidades;<br>la utilizaci\u00f3n de insumos, equipos, herramientas e informaci\u00f3n requeridos en las operaciones que realiza ante sus superiores, de quienes recibe control general. Tiene capacidad para operar con autonom\u00eda<br>profesional en los procesos constructivos mencionados; calcular materiales, herramientas e insumos para ejecutar las tareas encomendadas. Est\u00e1 en condiciones de tomar decisiones en situaciones simples y de resolver problemas rutinarios. Posee responsabilidad sobre su propio aprendizaje y trabajo, as\u00ed como sobre la coordinaci\u00f3n del trabajo de auxiliares a su cargo.<\/p>\n","protected":false},"excerpt":{"rendered":"<p>Denominaci\u00f3n del perfil profesional:&nbsp;EJECUTOR DE INSTALACIONES DOMICILIARIAS DE GASNivel de la Certificaci\u00f3n:&nbsp;IIDuraci\u00f3n:&nbsp;32 semanas&nbsp;(anual) Alcance del perfil profesional Est\u00e1 capacitado, de acuerdo a las actividades que se desarrollan en el Perfil Profesional, para prestar servicios profesionales de instalaciones domiciliarias de gas en obras en construcci\u00f3n, refacci\u00f3n y ampliaci\u00f3n de locales, destinados a vivienda, actividades comerciales, administrativas u otros usos. Est\u00e1 en [&hellip;]<\/p>\n","protected":false},"author":1,"featured_media":0,"parent":15,"menu_order":0,"comment_status":"closed","ping_status":"closed","template":"","meta":{"_themeisle_gutenberg_block_has_review":false,"footnotes":""},"class_list":["post-133","page","type-page","status-publish","hentry"],"_links":{"self":[{"href":"https:\/\/cfp1misiones.edu.ar\/index.php\/wp-json\/wp\/v2\/pages\/133","targetHints":{"allow":["GET"]}}],"collection":[{"href":"https:\/\/cfp1misiones.edu.ar\/index.php\/wp-json\/wp\/v2\/pages"}],"about":[{"href":"https:\/\/cfp1misiones.edu.ar\/index.php\/wp-json\/wp\/v2\/types\/page"}],"author":[{"embeddable":true,"href":"https:\/\/cfp1misiones.edu.ar\/index.php\/wp-json\/wp\/v2\/users\/1"}],"replies":[{"embeddable":true,"href":"https:\/\/cfp1misiones.edu.ar\/index.php\/wp-json\/wp\/v2\/comments?post=133"}],"version-history":[{"count":3,"href":"https:\/\/cfp1misiones.edu.ar\/index.php\/wp-json\/wp\/v2\/pages\/133\/revisions"}],"predecessor-version":[{"id":296,"href":"https:\/\/cfp1misiones.edu.ar\/index.php\/wp-json\/wp\/v2\/pages\/133\/revisions\/296"}],"up":[{"embeddable":true,"href":"https:\/\/cfp1misiones.edu.ar\/index.php\/wp-json\/wp\/v2\/pages\/15"}],"wp:attachment":[{"href":"https:\/\/cfp1misiones.edu.ar\/index.php\/wp-json\/wp\/v2\/media?parent=133"}],"curies":[{"name":"wp","href":"https:\/\/api.w.org\/{rel}","templated":true}]}}