{"id":124,"date":"2023-03-03T21:20:13","date_gmt":"2023-03-03T21:20:13","guid":{"rendered":"https:\/\/cfp1misiones.edu.ar\/?page_id=124"},"modified":"2024-03-04T01:26:00","modified_gmt":"2024-03-04T01:26:00","slug":"electricista-en-inmuebles","status":"publish","type":"page","link":"https:\/\/cfp1misiones.edu.ar\/index.php\/oferta-formativa\/electricista-en-inmuebles\/","title":{"rendered":"Electricista en Inmuebles"},"content":{"rendered":"\n<p>Denominaci\u00f3n del perfil profesional: <strong>ELECTRICISTA EN INMUEBLES<\/strong><br>Nivel de la Certificaci\u00f3n: <strong>III<\/strong><br>Duraci\u00f3n: <strong>4 meses<\/strong><\/p>\n\n\n\n<p>Requisitos de Ingreso: <strong>Requiere certificaci\u00f3n de Montador Electricista Domiciliario \u2013\u00a0CFE N\u00ba 108\/10\u00a0\u2013 Nivel II<\/strong><\/p>\n\n\n\n<p class=\"has-medium-font-size\"><strong>Alcance del perfil profesional<\/strong><\/p>\n\n\n\n<p>Est\u00e1 capacitado, de acuerdo a las actividades que se desarrollan en este Perfil Profesional, para prestar servicios y comercializarlos en relaci\u00f3n con las instalaciones el\u00e9ctricas de baja tensi\u00f3n en inmuebles (BT) y muy baja tensi\u00f3n (MBT), en locales terminados o en construcci\u00f3n, destinados a vivienda, actividades comerciales y administrativas hasta 12 KVA. Est\u00e1 en condiciones de ejecutar canalizaciones; realizar el cableado; preparar, montar y conectar tableros, sistemas de puestas a tierra y otros componentes; verificar y\/o reparar componentes de las instalaciones; y cumpliendo en todos los casos, con las normas y reglamentaciones que regulan el ejercicio profesional y aplicando normas de seguridad e higiene vigentes.<br>Este profesional tiene capacidad para elaborar, supervisar, organizar, gestionar y operar en formal integral y aut\u00f3noma un emprendimiento en instalaciones el\u00e9ctricas en inmuebles. Est\u00e1 en condiciones de resolver<br>problemas y de tomar decisiones en situaciones complejas. Sabe determinar en qu\u00e9 situaciones debe recurrir a los servicios de profesionales de nivel superior en el campo de la energ\u00eda el\u00e9ctrica u otras \u00e1reas. Posee responsabilidad sobre su propio aprendizaje y trabajo, as\u00ed como del de otros, eventualmente a su cargo, por lo que est\u00e1 capacitado para su supervisi\u00f3n.<\/p>\n","protected":false},"excerpt":{"rendered":"<p>Denominaci\u00f3n del perfil profesional: ELECTRICISTA EN INMUEBLESNivel de la Certificaci\u00f3n: IIIDuraci\u00f3n: 4 meses Requisitos de Ingreso: Requiere certificaci\u00f3n de Montador Electricista Domiciliario \u2013\u00a0CFE N\u00ba 108\/10\u00a0\u2013 Nivel II Alcance del perfil profesional Est\u00e1 capacitado, de acuerdo a las actividades que se desarrollan en este Perfil Profesional, para prestar servicios y comercializarlos en relaci\u00f3n con las instalaciones el\u00e9ctricas de baja tensi\u00f3n en [&hellip;]<\/p>\n","protected":false},"author":1,"featured_media":0,"parent":15,"menu_order":0,"comment_status":"closed","ping_status":"closed","template":"","meta":{"_themeisle_gutenberg_block_has_review":false,"footnotes":""},"class_list":["post-124","page","type-page","status-publish","hentry"],"_links":{"self":[{"href":"https:\/\/cfp1misiones.edu.ar\/index.php\/wp-json\/wp\/v2\/pages\/124","targetHints":{"allow":["GET"]}}],"collection":[{"href":"https:\/\/cfp1misiones.edu.ar\/index.php\/wp-json\/wp\/v2\/pages"}],"about":[{"href":"https:\/\/cfp1misiones.edu.ar\/index.php\/wp-json\/wp\/v2\/types\/page"}],"author":[{"embeddable":true,"href":"https:\/\/cfp1misiones.edu.ar\/index.php\/wp-json\/wp\/v2\/users\/1"}],"replies":[{"embeddable":true,"href":"https:\/\/cfp1misiones.edu.ar\/index.php\/wp-json\/wp\/v2\/comments?post=124"}],"version-history":[{"count":5,"href":"https:\/\/cfp1misiones.edu.ar\/index.php\/wp-json\/wp\/v2\/pages\/124\/revisions"}],"predecessor-version":[{"id":665,"href":"https:\/\/cfp1misiones.edu.ar\/index.php\/wp-json\/wp\/v2\/pages\/124\/revisions\/665"}],"up":[{"embeddable":true,"href":"https:\/\/cfp1misiones.edu.ar\/index.php\/wp-json\/wp\/v2\/pages\/15"}],"wp:attachment":[{"href":"https:\/\/cfp1misiones.edu.ar\/index.php\/wp-json\/wp\/v2\/media?parent=124"}],"curies":[{"name":"wp","href":"https:\/\/api.w.org\/{rel}","templated":true}]}}