{"id":116,"date":"2023-03-03T21:18:13","date_gmt":"2023-03-03T21:18:13","guid":{"rendered":"https:\/\/cfp1misiones.edu.ar\/?page_id=116"},"modified":"2025-12-09T19:54:59","modified_gmt":"2025-12-09T19:54:59","slug":"diseno-asistido-por-computadora-cad","status":"publish","type":"page","link":"https:\/\/cfp1misiones.edu.ar\/index.php\/oferta-formativa\/diseno-asistido-por-computadora-cad\/","title":{"rendered":"Dise\u00f1o Asistido por Computadora (CAD)"},"content":{"rendered":"\t\t<div data-elementor-type=\"wp-page\" data-elementor-id=\"116\" class=\"elementor elementor-116\">\n\t\t\t\t<div class=\"elementor-element elementor-element-4c2d5199 e-flex e-con-boxed e-con e-parent\" data-id=\"4c2d5199\" data-element_type=\"container\">\n\t\t\t\t\t<div class=\"e-con-inner\">\n\t\t\t\t<div class=\"elementor-element elementor-element-d02e3cb elementor-widget elementor-widget-text-editor\" data-id=\"d02e3cb\" data-element_type=\"widget\" data-widget_type=\"text-editor.default\">\n\t\t\t\t<div class=\"elementor-widget-container\">\n\t\t\t\t\t\t\t\t\t<p><strong>Denominaci\u00f3n del perfil profesional:<\/strong> Dise\u00f1o Asistido por Computadora (CAD)<br \/><strong>Nivel de la certificaci\u00f3n:<\/strong> II<br \/><strong>Duraci\u00f3n:<\/strong> 4 Meses<\/p><h3>Alcance del perfil profesional<\/h3><p>El\/La profesional en Dise\u00f1o Asistido por Computadora (CAD) est\u00e1 capacitado\/a para desarrollar tareas de dibujo t\u00e9cnico y modelado digital aplicadas a proyectos de diversas \u00e1reas.<br \/>Domina el uso de herramientas CAD para elaborar planos, modelos y documentaci\u00f3n gr\u00e1fica con precisi\u00f3n. Puede interpretar croquis, relevamientos y especificaciones t\u00e9cnicas,<br \/>transform\u00e1ndolos en representaciones digitales listas para procesos constructivos, productivos o de fabricaci\u00f3n.<br \/>Su formaci\u00f3n incluye buenas pr\u00e1cticas de organizaci\u00f3n, estandarizaci\u00f3n y registro t\u00e9cnico, garantizando claridad y eficiencia en el trabajo profesional.<\/p>\t\t\t\t\t\t\t\t<\/div>\n\t\t\t\t<\/div>\n\t\t\t\t\t<\/div>\n\t\t\t\t<\/div>\n\t\t\t\t<\/div>\n\t\t","protected":false},"excerpt":{"rendered":"<p>Denominaci\u00f3n del perfil profesional: Dise\u00f1o Asistido por Computadora (CAD)Nivel de la certificaci\u00f3n: IIDuraci\u00f3n: 4 Meses Alcance del perfil profesional El\/La profesional en Dise\u00f1o Asistido por Computadora (CAD) est\u00e1 capacitado\/a para desarrollar tareas de dibujo t\u00e9cnico y modelado digital aplicadas a proyectos de diversas \u00e1reas.Domina el uso de herramientas CAD para elaborar planos, modelos y documentaci\u00f3n gr\u00e1fica con precisi\u00f3n. Puede interpretar [&hellip;]<\/p>\n","protected":false},"author":1,"featured_media":0,"parent":15,"menu_order":0,"comment_status":"closed","ping_status":"closed","template":"","meta":{"_themeisle_gutenberg_block_has_review":false,"footnotes":""},"class_list":["post-116","page","type-page","status-publish","hentry"],"_links":{"self":[{"href":"https:\/\/cfp1misiones.edu.ar\/index.php\/wp-json\/wp\/v2\/pages\/116","targetHints":{"allow":["GET"]}}],"collection":[{"href":"https:\/\/cfp1misiones.edu.ar\/index.php\/wp-json\/wp\/v2\/pages"}],"about":[{"href":"https:\/\/cfp1misiones.edu.ar\/index.php\/wp-json\/wp\/v2\/types\/page"}],"author":[{"embeddable":true,"href":"https:\/\/cfp1misiones.edu.ar\/index.php\/wp-json\/wp\/v2\/users\/1"}],"replies":[{"embeddable":true,"href":"https:\/\/cfp1misiones.edu.ar\/index.php\/wp-json\/wp\/v2\/comments?post=116"}],"version-history":[{"count":22,"href":"https:\/\/cfp1misiones.edu.ar\/index.php\/wp-json\/wp\/v2\/pages\/116\/revisions"}],"predecessor-version":[{"id":1007,"href":"https:\/\/cfp1misiones.edu.ar\/index.php\/wp-json\/wp\/v2\/pages\/116\/revisions\/1007"}],"up":[{"embeddable":true,"href":"https:\/\/cfp1misiones.edu.ar\/index.php\/wp-json\/wp\/v2\/pages\/15"}],"wp:attachment":[{"href":"https:\/\/cfp1misiones.edu.ar\/index.php\/wp-json\/wp\/v2\/media?parent=116"}],"curies":[{"name":"wp","href":"https:\/\/api.w.org\/{rel}","templated":true}]}}